{"id":1753,"date":"2026-03-03T14:49:00","date_gmt":"2026-03-03T13:49:00","guid":{"rendered":"https:\/\/stage24.pl\/flow\/?page_id=1753"},"modified":"2026-05-12T13:12:50","modified_gmt":"2026-05-12T11:12:50","slug":"members-only-festival-5","status":"publish","type":"page","link":"https:\/\/stage24.pl\/flow\/members-only-festival-5\/","title":{"rendered":"Members Only Festival 5"},"content":{"rendered":"\t\t<div data-elementor-type=\"wp-page\" data-elementor-id=\"1753\" class=\"elementor elementor-1753\" data-elementor-post-type=\"page\">\n\t\t\t\t<div class=\"elementor-element elementor-element-b18872b e-flex e-con-boxed e-con e-parent\" data-id=\"b18872b\" data-element_type=\"container\">\n\t\t\t\t\t<div class=\"e-con-inner\">\n\t\t\t\t<div class=\"elementor-element elementor-element-43d54ab elementor-widget elementor-widget-n-accordion\" data-id=\"43d54ab\" data-element_type=\"widget\" data-settings=\"{&quot;default_state&quot;:&quot;all_collapsed&quot;,&quot;max_items_expended&quot;:&quot;one&quot;,&quot;n_accordion_animation_duration&quot;:{&quot;unit&quot;:&quot;ms&quot;,&quot;size&quot;:400,&quot;sizes&quot;:[]}}\" data-widget_type=\"nested-accordion.default\">\n\t\t\t\t<div class=\"elementor-widget-container\">\n\t\t\t\t\t\t\t<div class=\"e-n-accordion\" aria-label=\"Accordion. Open links with Enter or Space, close with Escape, and navigate with Arrow Keys\">\n\t\t\t\t\t\t<details id=\"e-n-accordion-item-7110\" class=\"e-n-accordion-item\" >\n\t\t\t\t<summary class=\"e-n-accordion-item-title\" data-accordion-index=\"1\" tabindex=\"0\" aria-expanded=\"false\" aria-controls=\"e-n-accordion-item-7110\" >\n\t\t\t\t\t<span class='e-n-accordion-item-title-header'><div class=\"e-n-accordion-item-title-text\"> OPIS WYDARZENIA <\/div><\/span>\n\t\t\t\t\t\t\t<span class='e-n-accordion-item-title-icon'>\n\t\t\t<span class='e-opened' ><svg aria-hidden=\"true\" class=\"e-font-icon-svg e-fas-minus\" viewBox=\"0 0 448 512\" xmlns=\"http:\/\/www.w3.org\/2000\/svg\"><path d=\"M416 208H32c-17.67 0-32 14.33-32 32v32c0 17.67 14.33 32 32 32h384c17.67 0 32-14.33 32-32v-32c0-17.67-14.33-32-32-32z\"><\/path><\/svg><\/span>\n\t\t\t<span class='e-closed'><svg aria-hidden=\"true\" class=\"e-font-icon-svg e-fas-plus\" viewBox=\"0 0 448 512\" xmlns=\"http:\/\/www.w3.org\/2000\/svg\"><path d=\"M416 208H272V64c0-17.67-14.33-32-32-32h-32c-17.67 0-32 14.33-32 32v144H32c-17.67 0-32 14.33-32 32v32c0 17.67 14.33 32 32 32h144v144c0 17.67 14.33 32 32 32h32c17.67 0 32-14.33 32-32V304h144c17.67 0 32-14.33 32-32v-32c0-17.67-14.33-32-32-32z\"><\/path><\/svg><\/span>\n\t\t<\/span>\n\n\t\t\t\t\t\t<\/summary>\n\t\t\t\t<div role=\"region\" aria-labelledby=\"e-n-accordion-item-7110\" class=\"elementor-element elementor-element-9cd36bf e-flex e-con-boxed e-con e-child\" data-id=\"9cd36bf\" data-element_type=\"container\">\n\t\t\t\t\t<div class=\"e-con-inner\">\n\t\t<div role=\"region\" aria-labelledby=\"e-n-accordion-item-7110\" class=\"elementor-element elementor-element-4f03332 e-con-full e-flex e-con e-child\" data-id=\"4f03332\" data-element_type=\"container\">\n\t\t\t\t<div class=\"elementor-element elementor-element-388f33b elementor-widget elementor-widget-text-editor\" data-id=\"388f33b\" data-element_type=\"widget\" data-widget_type=\"text-editor.default\">\n\t\t\t\t<div class=\"elementor-widget-container\">\n\t\t\t\t\t\t\t\t\t<p><strong>MEMBERS ONLY FESTIVAL V | POZNA\u0143 2026<\/strong><\/p><p>Pierwszy raz 3 dni! \u2026i pierwszy raz w Poznaniu.<br \/>6, 7 i 8 sierpnia Members Only Festival wraca z pi\u0105t\u0105 edycj\u0105 i robi takeover Nocnego Targu Towarzyskiego. Przez trzy dni tworzymy w centrum nocnego \u017cycia Poznania specjalnie zaaran\u017cowan\u0105 przestrze\u0144 dla wszystkich members\u00f3w.<\/p><p>To b\u0119dzie edycja z mocnym powrotem do korzeni: <br \/>Najlepsi newcomerzy i og cz\u0142onkowie. Je\u015bli znasz Members Only, wiesz, czego si\u0119 spodziewa\u0107.<\/p><p><strong>Sounds by: Bahsick &amp; Wenext<\/strong><\/p><p><strong>LINE-UP:<\/strong><\/p><p><br \/><strong>DAY 1 | 06.08<\/strong><br \/>JAVIER <br \/>SOULARD<br \/>+ TBA<\/p><p><strong>DAY 2 | 07.08<\/strong><br \/>HELLO.ZOLA<br \/>+ TBA<\/p><p><strong>DAY 3 | 08.08<\/strong><br \/>VKIE<br \/>SIERRA<br \/>WHITE WIDOW<br \/>SKUMAJ <br \/>GEEZYBEATZ <br \/>+TBA<\/p><p><strong>KARNET TRZYDNIOWY ZAWIERA:<\/strong><\/p><ul><li>3 dni koncert\u00f3w<\/li><li>selekcja newcomer\u00f3w i artyst\u00f3w z underu<\/li><li>DJ sety<\/li><li>Afterparty ka\u017cdego dnia<\/li><li>specjalnie wydzielon\u0105 przestrze\u0144 festiwalow\u0105<\/li><\/ul><p><strong>PRZESTRZE\u0143:<\/strong><\/p><ul><li>bary i strefy chillout<\/li><li>merch, barber shop, tattoo i dodatkowe aktywacje<\/li><\/ul><p><strong>GDZIE I KIEDY:<\/strong><\/p><ul><li>Pozna\u0144<\/li><li>Nocny Targ Towarzyski<\/li><li>6 \/ 7 \/ 8 sierpnia 2026<\/li><\/ul><p><strong>TIMETABLE:<\/strong> <br \/>Koncerty odbywa\u0107 si\u0119 b\u0119d\u0105 codziennie, mniej wi\u0119cej w godzinach 16:00 &#8211; 22:00 <br \/>Dok\u0142adn\u0105 rozpisk\u0119 podamy na 48h przed rozpocz\u0119ciem wydarzenia na naszym instagramie <br \/>@membersonlyfestival<\/p><p><strong>BILETY:<\/strong><\/p><p>***Mocno limitowane Early Bird tickets s\u0105 ju\u017c dost\u0119pne!***<\/p><p>Wszystkie pule bilet\u00f3w:<br \/>EARLY BIRD \/ 1 PULA \/ 2 PULA \/ 3 PULA \/ LAST CALL \/ VIP \/ VIP + MERCH<\/p><p><br \/><strong>CO GWARANTUJE KARNET VIP?<\/strong><\/p><p><strong>KARNET TRZYDNIOWY: VIP<\/strong><\/p><ul><li>Wst\u0119p na zamkni\u0119ta stref\u0119 VIP &#8211; antresol\u0119 blisko sceny i wej\u015bcia backstage;<\/li><li>Plakat festiwalowy z podpisami r\u00f3\u017cnych artyst\u00f3w;<\/li><li>Pami\u0105tkow\u0105, personalizowan\u0105 plakietk\u0119 oraz opask\u0119 VIP;<\/li><li>Wej\u015bcie bez kolejki;<\/li><\/ul><p><strong>KARNET TRZYDNIOWY: VIP + MERCH (DOST\u0118PNE TYLKO DO 15 CZERWCA)<\/strong><\/p><ul><li>to samo co bilet VIP, oraz dodatkowo:<\/li><li>Item stworzony przy wsp\u00f3\u0142pracy z Funeral Alchemy, dost\u0119pny b\u0119dzie do zdobycia tylko poprzez zakup karnetu VIP+MERCH. Tym razem nie b\u0119dzie sprzedawany na festiwalu;<\/li><\/ul><p>Zni\u017ck\u0119 na merch festiwalowy nr.2;<br \/><br \/><br \/><strong>PO DNIU 15.06.26, BILETY VIP + MERCH B\u0118D\u0104 WY\u0141\u0104CZONE ZE SPRZEDA\u017bY, WI\u0118C PO TYM DNIU NIE B\u0118DZIE SI\u0118 JU\u017b DA\u0141O ZDOBY\u0106 ITEMU KOLABORACYJNEGO W \u017bADEN INNY SPOS\u00d3B, NAWET NA EVENCIE.<\/strong> <br \/><br \/>***OSOBY KT\u00d3RE KUPI\u0141Y BILET VIP W TAMTYM ROKU &#8211; ZG\u0141O\u015aCIE SI\u0118 NA <br \/>INSTAGRAM DM @membersonlyfestival PO 100 PLN ZNI\u017bKI NA BILET VIP!<\/p><p><strong>***KARNET TRZYDNIOWY***<\/strong><br \/>Ten bilet wymienisz na opask\u0119, kt\u00f3ra pozwoli wej\u015b\u0107 na Members Only Festival V we wszystkie trzy dni wydarzenia.<\/p><p><strong>BILETY GRUPOWE, W GRUPIE TANIEJ!<\/strong><\/p><p>W tym roku przygotowali\u015bmy specjalne bilety wieloosobowe. <br \/>Zgadajcie si\u0119 ze znajomymi i \u0142apcie lepsz\u0105 cen\u0119:<\/p><p>GRUPA 3 OS. , bilet upowa\u017cnia do wej\u015bcia 3 osoby<br \/>GRUPA 5 OS. , bilet upowa\u017cnia do wej\u015bcia 5 os\u00f3b<\/p><p>Kupuj\u0105c bilet grupowy, otrzymujesz jeden bilet z jednym kodem QR. <br \/>Na bramce wymieniasz go na odpowiedni\u0105 liczb\u0119 opasek.<\/p><p>Jedna osoba mo\u017ce odebra\u0107 wszystkie opaski, ale je\u015bli p\u00f3\u017aniej pojawi\u0105 si\u0119 roszczenia lub problemy w grupie, nie bierzemy odpowiedzialno\u015bci za ich rozliczenie, wi\u0119c polecamy odebra\u0107 opaski wsp\u00f3lnie albo przekaza\u0107 je zaufanej osobie.<\/p><p><strong>SECURE YOUR TIX NOW!<\/strong><\/p><p><br \/>Regulamin wydarzenia:<br \/>\u2026<br \/>&#8211; Osoby kt\u00f3re nie maj\u0105 uko\u0144czonego 16. roku \u017cycia w dniu koncertu mog\u0105 wzi\u0105\u0107 udzia\u0142 w wydarzeniu tylko pod opiek\u0105 osoby doros\u0142ej i na wy\u0142\u0105czn\u0105 odpowiedzialno\u015b\u0107 osoby doros\u0142ej, pod kt\u00f3rej piecz\u0105 pozostaj\u0105, po nabyciu bilet\u00f3w wst\u0119pu zar\u00f3wno dla osoby ma\u0142oletniej, jak i doros\u0142ej. <br \/>&#8211; Osoby niepe\u0142noletnie, ale kt\u00f3re uko\u0144czy\u0142y 16 lat, mog\u0105 uczestniczy\u0107 w koncercie pod warunkiem posiadania wa\u017cnego biletu oraz podpisanej zgody opiekun\u00f3w prawnych na uczestnictwo w wydarzeniu.<\/p><p>WZ\u00d3R ZGODY: https:\/\/docs.google.com\/document\/d\/1fw4NL2I6Fc98_Y-4YnjxRIpIQuAVn2nfZmPbFV_3cRs\/edit<\/p><p>Nie ma potrzeby drukowania bilet\u00f3w, wystarczy pokaza\u0107 kod QR na telefonie (prosimy maksymalnie rozja\u015bni\u0107 ekran i mie\u0107 przygotowany kod QR w momencie podej\u015bcia do osoby obs\u0142uguj\u0105cej wej\u015bcie).<\/p>\t\t\t\t\t\t\t\t<\/div>\n\t\t\t\t<\/div>\n\t\t\t\t<\/div>\n\t\t\t\t\t<\/div>\n\t\t\t\t<\/div>\n\t\t\t\t\t<\/details>\n\t\t\t\t\t<\/div>\n\t\t\t\t\t\t<\/div>\n\t\t\t\t<\/div>\n\t\t\t\t<div class=\"elementor-element elementor-element-d3a3512 elementor-skin-carousel elementor-arrows-yes elementor-pagination-type-bullets elementor-pagination-position-outside elementor-widget elementor-widget-media-carousel\" data-id=\"d3a3512\" data-element_type=\"widget\" data-settings=\"{&quot;skin&quot;:&quot;carousel&quot;,&quot;effect&quot;:&quot;slide&quot;,&quot;show_arrows&quot;:&quot;yes&quot;,&quot;pagination&quot;:&quot;bullets&quot;,&quot;speed&quot;:500,&quot;autoplay&quot;:&quot;yes&quot;,&quot;autoplay_speed&quot;:5000,&quot;loop&quot;:&quot;yes&quot;,&quot;pause_on_hover&quot;:&quot;yes&quot;,&quot;pause_on_interaction&quot;:&quot;yes&quot;,&quot;space_between&quot;:{&quot;unit&quot;:&quot;px&quot;,&quot;size&quot;:10,&quot;sizes&quot;:[]},&quot;space_between_tablet&quot;:{&quot;unit&quot;:&quot;px&quot;,&quot;size&quot;:10,&quot;sizes&quot;:[]},&quot;space_between_mobile&quot;:{&quot;unit&quot;:&quot;px&quot;,&quot;size&quot;:10,&quot;sizes&quot;:[]}}\" data-widget_type=\"media-carousel.default\">\n\t\t\t\t<div class=\"elementor-widget-container\">\n\t\t\t\t\t\t\t\t\t<div class=\"elementor-swiper\">\n\t\t\t\t\t<div class=\"elementor-main-swiper swiper\" role=\"region\" aria-roledescription=\"carousel\" aria-label=\"Slajdy\">\n\t\t\t\t<div class=\"swiper-wrapper\">\n\t\t\t\t\t\t\t\t\t\t\t<div class=\"swiper-slide\" role=\"group\" aria-roledescription=\"slide\">\n\t\t\t\t\t\t\t\t\t<div class=\"elementor-carousel-image\" role=\"img\" aria-label=\"DAY 1 red 2z2 420x420px stage\" style=\"background-image: url(&#039;https:\/\/stage24.pl\/flow\/wp-content\/uploads\/2026\/05\/DAY-1-red-2z2-420x420px-stage.png&#039;)\">\n\n\t\t\t\n\t\t\t\t\t<\/div>\n\t\t\t\t\t\t\t\t<\/div>\n\t\t\t\t\t\t\t\t\t\t\t<div class=\"swiper-slide\" role=\"group\" aria-roledescription=\"slide\">\n\t\t\t\t\t\t\t\t\t<div class=\"elementor-carousel-image\" role=\"img\" aria-label=\"DAY 2 red 4z4 420x420px stage\" style=\"background-image: url(&#039;https:\/\/stage24.pl\/flow\/wp-content\/uploads\/2026\/05\/DAY-2-red-4z4-420x420px-stage.png&#039;)\">\n\n\t\t\t\n\t\t\t\t\t<\/div>\n\t\t\t\t\t\t\t\t<\/div>\n\t\t\t\t\t\t\t\t\t\t\t<div class=\"swiper-slide\" role=\"group\" aria-roledescription=\"slide\">\n\t\t\t\t\t\t\t\t\t<div class=\"elementor-carousel-image\" role=\"img\" aria-label=\"DAY 3 red 420x420px stage\" style=\"background-image: url(&#039;https:\/\/stage24.pl\/flow\/wp-content\/uploads\/2026\/05\/DAY-3-red-420x420px-stage.png&#039;)\">\n\n\t\t\t\n\t\t\t\t\t<\/div>\n\t\t\t\t\t\t\t\t<\/div>\n\t\t\t\t\t\t\t\t\t<\/div>\n\t\t\t\t\t\t\t\t\t\t\t\t\t\t\t<div class=\"elementor-swiper-button elementor-swiper-button-prev\" role=\"button\" tabindex=\"0\" aria-label=\"Poprzedni\">\n\t\t\t\t\t\t\t<svg aria-hidden=\"true\" class=\"e-font-icon-svg e-eicon-chevron-left\" viewBox=\"0 0 1000 1000\" xmlns=\"http:\/\/www.w3.org\/2000\/svg\"><path d=\"M646 125C629 125 613 133 604 142L308 442C296 454 292 471 292 487 292 504 296 521 308 533L604 854C617 867 629 875 646 875 663 875 679 871 692 858 704 846 713 829 713 812 713 796 708 779 692 767L438 487 692 225C700 217 708 204 708 187 708 171 704 154 692 142 675 129 663 125 646 125Z\"><\/path><\/svg>\t\t\t\t\t\t<\/div>\n\t\t\t\t\t\t<div class=\"elementor-swiper-button elementor-swiper-button-next\" role=\"button\" tabindex=\"0\" aria-label=\"Nast\u0119pny\">\n\t\t\t\t\t\t\t<svg aria-hidden=\"true\" class=\"e-font-icon-svg e-eicon-chevron-right\" viewBox=\"0 0 1000 1000\" xmlns=\"http:\/\/www.w3.org\/2000\/svg\"><path d=\"M696 533C708 521 713 504 713 487 713 471 708 454 696 446L400 146C388 133 375 125 354 125 338 125 325 129 313 142 300 154 292 171 292 187 292 204 296 221 308 233L563 492 304 771C292 783 288 800 288 817 288 833 296 850 308 863 321 871 338 875 354 875 371 875 388 867 400 854L696 533Z\"><\/path><\/svg>\t\t\t\t\t\t<\/div>\n\t\t\t\t\t\t\t\t\t\t\t\t\t\t\t\t<div class=\"swiper-pagination\"><\/div>\n\t\t\t\t\t\t\t\t\t\t\t\t<\/div>\n\t\t\t\t<\/div>\n\t\t\t\t\t\t\t\t<\/div>\n\t\t\t\t<\/div>\n\t\t\t\t\t<\/div>\n\t\t\t\t<\/div>\n\t\t<div class=\"elementor-element elementor-element-56aa984 e-flex e-con-boxed e-con e-parent\" data-id=\"56aa984\" data-element_type=\"container\">\n\t\t\t\t\t<div class=\"e-con-inner\">\n\t\t\t\t<div class=\"elementor-element elementor-element-d1d6b95 elementor-widget elementor-widget-html\" data-id=\"d1d6b95\" data-element_type=\"widget\" data-widget_type=\"html.default\">\n\t\t\t\t<div class=\"elementor-widget-container\">\n\t\t\t\t\t<iframe width=\"100%\" id=\"stage24Iframe\"           scrolling=\"no\"\n><\/iframe>\n  <script>\n    document.addEventListener('DOMContentLoaded', () => {\n      var url = 'https:\/\/stage24.pl\/iframe\/event\/membersonlyfestival5poznannocnytargtowarzyskisierpien-7382'\n        + '?fontColor=ffffff&backgroundColor=000000&accentColor=ffffff'\n        + '&buttonFontColor=000000&hoverColor=d21f26&boxColor=d21f26&validationColor=d21f26'\n        + '&returnUrl=' + encodeURIComponent(window.location.href)\n        + '&lang=pl';\n\n      document.querySelector('#stage24Iframe').setAttribute('src', url);\n    });\n    window.addEventListener('message', function(event) {\n      console.log(event);\n      if (event.data.source === 'stage24') {\n        document.querySelector('#stage24Iframe').setAttribute('height', event.data.height);\n        \n      }\n    });\n  <\/script>\t\t\t\t<\/div>\n\t\t\t\t<\/div>\n\t\t\t\t\t<\/div>\n\t\t\t\t<\/div>\n\t\t\t\t<\/div>\n\t\t","protected":false},"excerpt":{"rendered":"<p>OPIS WYDARZENIA MEMBERS ONLY FESTIVAL V | POZNA\u0143 2026 Pierwszy raz 3 dni! \u2026i pierwszy raz w Poznaniu.6, 7 i 8 sierpnia Members Only Festival wraca z pi\u0105t\u0105 edycj\u0105 i robi takeover Nocnego Targu Towarzyskiego. Przez trzy dni tworzymy w centrum nocnego \u017cycia Poznania specjalnie zaaran\u017cowan\u0105 przestrze\u0144 dla wszystkich members\u00f3w. To b\u0119dzie edycja z mocnym [&hellip;]<\/p>\n","protected":false},"author":1,"featured_media":1760,"parent":0,"menu_order":0,"comment_status":"closed","ping_status":"closed","template":"","meta":{"footnotes":""},"class_list":["post-1753","page","type-page","status-publish","has-post-thumbnail","hentry"],"yoast_head":"<!-- This site is optimized with the Yoast SEO plugin v27.1.1 - https:\/\/yoast.com\/product\/yoast-seo-wordpress\/ -->\n<title>Members Only Festival 5 - Stage24 FLOW<\/title>\n<meta name=\"description\" content=\"Bilety na Members Only Festival 5 s\u0105\u00a0ju\u017c\u00a0dost\u0119pne. Pierwszy raz 3 dni i pierwszy raz w Poznaniu. To b\u0119dzie edycja z powrotem do korzeni.\" \/>\n<meta name=\"robots\" content=\"index, follow, max-snippet:-1, max-image-preview:large, max-video-preview:-1\" \/>\n<link rel=\"canonical\" href=\"https:\/\/stage24.pl\/flow\/members-only-festival-5\/\" \/>\n<meta property=\"og:locale\" content=\"pl_PL\" \/>\n<meta property=\"og:type\" content=\"article\" \/>\n<meta property=\"og:title\" content=\"Members Only Festival 5 - Stage24 FLOW\" \/>\n<meta property=\"og:description\" content=\"Bilety na Members Only Festival 5 s\u0105\u00a0ju\u017c\u00a0dost\u0119pne. Pierwszy raz 3 dni i pierwszy raz w Poznaniu. To b\u0119dzie edycja z powrotem do korzeni.\" \/>\n<meta property=\"og:url\" content=\"https:\/\/stage24.pl\/flow\/members-only-festival-5\/\" \/>\n<meta property=\"og:site_name\" content=\"Stage24 FLOW\" \/>\n<meta property=\"article:publisher\" content=\"https:\/\/www.facebook.com\/stage24pl\" \/>\n<meta property=\"article:modified_time\" content=\"2026-05-12T11:12:50+00:00\" \/>\n<meta property=\"og:image\" content=\"https:\/\/stage24.pl\/flow\/wp-content\/uploads\/2026\/03\/MO5-no-bg.png\" \/>\n\t<meta property=\"og:image:width\" content=\"900\" \/>\n\t<meta property=\"og:image:height\" content=\"900\" \/>\n\t<meta property=\"og:image:type\" content=\"image\/png\" \/>\n<meta name=\"twitter:card\" content=\"summary_large_image\" \/>\n<meta name=\"twitter:label1\" content=\"Szacowany czas czytania\" \/>\n\t<meta name=\"twitter:data1\" content=\"7 minut\" \/>\n<script type=\"application\/ld+json\" class=\"yoast-schema-graph\">{\"@context\":\"https:\/\/schema.org\",\"@graph\":[{\"@type\":\"WebPage\",\"@id\":\"https:\/\/stage24.pl\/flow\/members-only-festival-5\/\",\"url\":\"https:\/\/stage24.pl\/flow\/members-only-festival-5\/\",\"name\":\"Members Only Festival 5 - Stage24 FLOW\",\"isPartOf\":{\"@id\":\"https:\/\/stage24.pl\/flow\/#website\"},\"primaryImageOfPage\":{\"@id\":\"https:\/\/stage24.pl\/flow\/members-only-festival-5\/#primaryimage\"},\"image\":{\"@id\":\"https:\/\/stage24.pl\/flow\/members-only-festival-5\/#primaryimage\"},\"thumbnailUrl\":\"https:\/\/stage24.pl\/flow\/wp-content\/uploads\/2026\/03\/MO5-no-bg.png\",\"datePublished\":\"2026-03-03T13:49:00+00:00\",\"dateModified\":\"2026-05-12T11:12:50+00:00\",\"description\":\"Bilety na Members Only Festival 5 s\u0105\u00a0ju\u017c\u00a0dost\u0119pne. Pierwszy raz 3 dni i pierwszy raz w Poznaniu. To b\u0119dzie edycja z powrotem do korzeni.\",\"breadcrumb\":{\"@id\":\"https:\/\/stage24.pl\/flow\/members-only-festival-5\/#breadcrumb\"},\"inLanguage\":\"pl-PL\",\"potentialAction\":[{\"@type\":\"ReadAction\",\"target\":[\"https:\/\/stage24.pl\/flow\/members-only-festival-5\/\"]}]},{\"@type\":\"ImageObject\",\"inLanguage\":\"pl-PL\",\"@id\":\"https:\/\/stage24.pl\/flow\/members-only-festival-5\/#primaryimage\",\"url\":\"https:\/\/stage24.pl\/flow\/wp-content\/uploads\/2026\/03\/MO5-no-bg.png\",\"contentUrl\":\"https:\/\/stage24.pl\/flow\/wp-content\/uploads\/2026\/03\/MO5-no-bg.png\",\"width\":900,\"height\":900,\"caption\":\"Logo Members Only Festival Bilety\"},{\"@type\":\"BreadcrumbList\",\"@id\":\"https:\/\/stage24.pl\/flow\/members-only-festival-5\/#breadcrumb\",\"itemListElement\":[{\"@type\":\"ListItem\",\"position\":1,\"name\":\"Strona g\u0142\u00f3wna\",\"item\":\"https:\/\/stage24.pl\/flow\/\"},{\"@type\":\"ListItem\",\"position\":2,\"name\":\"Members Only Festival 5\"}]},{\"@type\":\"WebSite\",\"@id\":\"https:\/\/stage24.pl\/flow\/#website\",\"url\":\"https:\/\/stage24.pl\/flow\/\",\"name\":\"Stage24 FLOW\",\"description\":\"\",\"publisher\":{\"@id\":\"https:\/\/stage24.pl\/flow\/#organization\"},\"potentialAction\":[{\"@type\":\"SearchAction\",\"target\":{\"@type\":\"EntryPoint\",\"urlTemplate\":\"https:\/\/stage24.pl\/flow\/?s={search_term_string}\"},\"query-input\":{\"@type\":\"PropertyValueSpecification\",\"valueRequired\":true,\"valueName\":\"search_term_string\"}}],\"inLanguage\":\"pl-PL\"},{\"@type\":\"Organization\",\"@id\":\"https:\/\/stage24.pl\/flow\/#organization\",\"name\":\"Stage24 FLOW\",\"url\":\"https:\/\/stage24.pl\/flow\/\",\"logo\":{\"@type\":\"ImageObject\",\"inLanguage\":\"pl-PL\",\"@id\":\"https:\/\/stage24.pl\/flow\/#\/schema\/logo\/image\/\",\"url\":\"https:\/\/stage24.pl\/flow\/wp-content\/uploads\/2024\/11\/logo-stage24-flow.svg\",\"contentUrl\":\"https:\/\/stage24.pl\/flow\/wp-content\/uploads\/2024\/11\/logo-stage24-flow.svg\",\"width\":342,\"height\":44,\"caption\":\"Stage24 FLOW\"},\"image\":{\"@id\":\"https:\/\/stage24.pl\/flow\/#\/schema\/logo\/image\/\"},\"sameAs\":[\"https:\/\/www.facebook.com\/stage24pl\",\"https:\/\/www.instagram.com\/stage24.pl\/\"]}]}<\/script>\n<!-- \/ Yoast SEO plugin. -->","yoast_head_json":{"title":"Members Only Festival 5 - Stage24 FLOW","description":"Bilety na Members Only Festival 5 s\u0105\u00a0ju\u017c\u00a0dost\u0119pne. Pierwszy raz 3 dni i pierwszy raz w Poznaniu. To b\u0119dzie edycja z powrotem do korzeni.","robots":{"index":"index","follow":"follow","max-snippet":"max-snippet:-1","max-image-preview":"max-image-preview:large","max-video-preview":"max-video-preview:-1"},"canonical":"https:\/\/stage24.pl\/flow\/members-only-festival-5\/","og_locale":"pl_PL","og_type":"article","og_title":"Members Only Festival 5 - Stage24 FLOW","og_description":"Bilety na Members Only Festival 5 s\u0105\u00a0ju\u017c\u00a0dost\u0119pne. Pierwszy raz 3 dni i pierwszy raz w Poznaniu. To b\u0119dzie edycja z powrotem do korzeni.","og_url":"https:\/\/stage24.pl\/flow\/members-only-festival-5\/","og_site_name":"Stage24 FLOW","article_publisher":"https:\/\/www.facebook.com\/stage24pl","article_modified_time":"2026-05-12T11:12:50+00:00","og_image":[{"width":900,"height":900,"url":"https:\/\/stage24.pl\/flow\/wp-content\/uploads\/2026\/03\/MO5-no-bg.png","type":"image\/png"}],"twitter_card":"summary_large_image","twitter_misc":{"Szacowany czas czytania":"7 minut"},"schema":{"@context":"https:\/\/schema.org","@graph":[{"@type":"WebPage","@id":"https:\/\/stage24.pl\/flow\/members-only-festival-5\/","url":"https:\/\/stage24.pl\/flow\/members-only-festival-5\/","name":"Members Only Festival 5 - Stage24 FLOW","isPartOf":{"@id":"https:\/\/stage24.pl\/flow\/#website"},"primaryImageOfPage":{"@id":"https:\/\/stage24.pl\/flow\/members-only-festival-5\/#primaryimage"},"image":{"@id":"https:\/\/stage24.pl\/flow\/members-only-festival-5\/#primaryimage"},"thumbnailUrl":"https:\/\/stage24.pl\/flow\/wp-content\/uploads\/2026\/03\/MO5-no-bg.png","datePublished":"2026-03-03T13:49:00+00:00","dateModified":"2026-05-12T11:12:50+00:00","description":"Bilety na Members Only Festival 5 s\u0105\u00a0ju\u017c\u00a0dost\u0119pne. Pierwszy raz 3 dni i pierwszy raz w Poznaniu. To b\u0119dzie edycja z powrotem do korzeni.","breadcrumb":{"@id":"https:\/\/stage24.pl\/flow\/members-only-festival-5\/#breadcrumb"},"inLanguage":"pl-PL","potentialAction":[{"@type":"ReadAction","target":["https:\/\/stage24.pl\/flow\/members-only-festival-5\/"]}]},{"@type":"ImageObject","inLanguage":"pl-PL","@id":"https:\/\/stage24.pl\/flow\/members-only-festival-5\/#primaryimage","url":"https:\/\/stage24.pl\/flow\/wp-content\/uploads\/2026\/03\/MO5-no-bg.png","contentUrl":"https:\/\/stage24.pl\/flow\/wp-content\/uploads\/2026\/03\/MO5-no-bg.png","width":900,"height":900,"caption":"Logo Members Only Festival Bilety"},{"@type":"BreadcrumbList","@id":"https:\/\/stage24.pl\/flow\/members-only-festival-5\/#breadcrumb","itemListElement":[{"@type":"ListItem","position":1,"name":"Strona g\u0142\u00f3wna","item":"https:\/\/stage24.pl\/flow\/"},{"@type":"ListItem","position":2,"name":"Members Only Festival 5"}]},{"@type":"WebSite","@id":"https:\/\/stage24.pl\/flow\/#website","url":"https:\/\/stage24.pl\/flow\/","name":"Stage24 FLOW","description":"","publisher":{"@id":"https:\/\/stage24.pl\/flow\/#organization"},"potentialAction":[{"@type":"SearchAction","target":{"@type":"EntryPoint","urlTemplate":"https:\/\/stage24.pl\/flow\/?s={search_term_string}"},"query-input":{"@type":"PropertyValueSpecification","valueRequired":true,"valueName":"search_term_string"}}],"inLanguage":"pl-PL"},{"@type":"Organization","@id":"https:\/\/stage24.pl\/flow\/#organization","name":"Stage24 FLOW","url":"https:\/\/stage24.pl\/flow\/","logo":{"@type":"ImageObject","inLanguage":"pl-PL","@id":"https:\/\/stage24.pl\/flow\/#\/schema\/logo\/image\/","url":"https:\/\/stage24.pl\/flow\/wp-content\/uploads\/2024\/11\/logo-stage24-flow.svg","contentUrl":"https:\/\/stage24.pl\/flow\/wp-content\/uploads\/2024\/11\/logo-stage24-flow.svg","width":342,"height":44,"caption":"Stage24 FLOW"},"image":{"@id":"https:\/\/stage24.pl\/flow\/#\/schema\/logo\/image\/"},"sameAs":["https:\/\/www.facebook.com\/stage24pl","https:\/\/www.instagram.com\/stage24.pl\/"]}]}},"_links":{"self":[{"href":"https:\/\/stage24.pl\/flow\/wp-json\/wp\/v2\/pages\/1753","targetHints":{"allow":["GET"]}}],"collection":[{"href":"https:\/\/stage24.pl\/flow\/wp-json\/wp\/v2\/pages"}],"about":[{"href":"https:\/\/stage24.pl\/flow\/wp-json\/wp\/v2\/types\/page"}],"author":[{"embeddable":true,"href":"https:\/\/stage24.pl\/flow\/wp-json\/wp\/v2\/users\/1"}],"replies":[{"embeddable":true,"href":"https:\/\/stage24.pl\/flow\/wp-json\/wp\/v2\/comments?post=1753"}],"version-history":[{"count":133,"href":"https:\/\/stage24.pl\/flow\/wp-json\/wp\/v2\/pages\/1753\/revisions"}],"predecessor-version":[{"id":1941,"href":"https:\/\/stage24.pl\/flow\/wp-json\/wp\/v2\/pages\/1753\/revisions\/1941"}],"wp:featuredmedia":[{"embeddable":true,"href":"https:\/\/stage24.pl\/flow\/wp-json\/wp\/v2\/media\/1760"}],"wp:attachment":[{"href":"https:\/\/stage24.pl\/flow\/wp-json\/wp\/v2\/media?parent=1753"}],"curies":[{"name":"wp","href":"https:\/\/api.w.org\/{rel}","templated":true}]}}