{"id":827,"date":"2025-02-03T09:23:15","date_gmt":"2025-02-03T08:23:15","guid":{"rendered":"https:\/\/stage24.pl\/flow\/?page_id=827"},"modified":"2025-02-28T11:14:30","modified_gmt":"2025-02-28T10:14:30","slug":"kontakt","status":"publish","type":"page","link":"https:\/\/stage24.pl\/flow\/kontakt\/","title":{"rendered":"Kontakt"},"content":{"rendered":"\t\t<div data-elementor-type=\"wp-page\" data-elementor-id=\"827\" class=\"elementor elementor-827\" data-elementor-post-type=\"page\">\n\t\t\t\t<div class=\"elementor-element elementor-element-75da540 e-flex e-con-boxed e-con e-parent\" data-id=\"75da540\" data-element_type=\"container\">\n\t\t\t\t\t<div class=\"e-con-inner\">\n\t\t\t\t<div class=\"elementor-element elementor-element-3618aa5 elementor-widget elementor-widget-heading\" data-id=\"3618aa5\" data-element_type=\"widget\" data-widget_type=\"heading.default\">\n\t\t\t\t<div class=\"elementor-widget-container\">\n\t\t\t\t\t<h1 class=\"elementor-heading-title elementor-size-default\">Kontakt do redakcji Stage24 Flow<\/h1>\t\t\t\t<\/div>\n\t\t\t\t<\/div>\n\t\t\t\t<div class=\"elementor-element elementor-element-ae4b9c4 elementor-widget elementor-widget-text-editor\" data-id=\"ae4b9c4\" data-element_type=\"widget\" data-widget_type=\"text-editor.default\">\n\t\t\t\t<div class=\"elementor-widget-container\">\n\t\t\t\t\t\t\t\t\t<p>Masz pytania, sugestie, chcesz zg\u0142osi\u0107 temat do artyku\u0142u, zaprosi\u0107 nas na wydarzenie lub nawi\u0105za\u0107 wsp\u00f3\u0142prac\u0119?<\/p><p><a style=\"text-decoration: none; color: inherit;\" href=\"mailto:flow@stage24.pl\">Email: flow@stage24.pl<\/a><\/p><p>Napisz do nas \u2013 odpowiemy najszybciej, jak to mo\u017cliwe \ud83d\ude0a<\/p>\t\t\t\t\t\t\t\t<\/div>\n\t\t\t\t<\/div>\n\t\t\t\t\t<\/div>\n\t\t\t\t<\/div>\n\t\t\t\t<\/div>\n\t\t","protected":false},"excerpt":{"rendered":"<p>Kontakt do redakcji Stage24 Flow Masz pytania, sugestie, chcesz zg\u0142osi\u0107 temat do artyku\u0142u, zaprosi\u0107 nas na wydarzenie lub nawi\u0105za\u0107 wsp\u00f3\u0142prac\u0119? Email: flow@stage24.pl Napisz do nas \u2013 odpowiemy najszybciej, jak to mo\u017cliwe \ud83d\ude0a<\/p>\n","protected":false},"author":1,"featured_media":0,"parent":0,"menu_order":0,"comment_status":"closed","ping_status":"closed","template":"","meta":{"footnotes":""},"class_list":["post-827","page","type-page","status-publish","hentry"],"yoast_head":"<!-- This site is optimized with the Yoast SEO plugin v27.1.1 - https:\/\/yoast.com\/product\/yoast-seo-wordpress\/ -->\n<title>Kontakt - Stage24 FLOW<\/title>\n<meta name=\"robots\" content=\"index, follow, max-snippet:-1, max-image-preview:large, max-video-preview:-1\" \/>\n<link rel=\"canonical\" href=\"https:\/\/stage24.pl\/flow\/kontakt\/\" \/>\n<meta property=\"og:locale\" content=\"pl_PL\" \/>\n<meta property=\"og:type\" content=\"article\" \/>\n<meta property=\"og:title\" content=\"Kontakt - Stage24 FLOW\" \/>\n<meta property=\"og:description\" content=\"Kontakt do redakcji Stage24 Flow Masz pytania, sugestie, chcesz zg\u0142osi\u0107 temat do artyku\u0142u, zaprosi\u0107 nas na wydarzenie lub nawi\u0105za\u0107 wsp\u00f3\u0142prac\u0119? Email: flow@stage24.pl Napisz do nas \u2013 odpowiemy najszybciej, jak to mo\u017cliwe \ud83d\ude0a\" \/>\n<meta property=\"og:url\" content=\"https:\/\/stage24.pl\/flow\/kontakt\/\" \/>\n<meta property=\"og:site_name\" content=\"Stage24 FLOW\" \/>\n<meta property=\"article:publisher\" content=\"https:\/\/www.facebook.com\/stage24pl\" \/>\n<meta property=\"article:modified_time\" content=\"2025-02-28T10:14:30+00:00\" \/>\n<meta name=\"twitter:card\" content=\"summary_large_image\" \/>\n<script type=\"application\/ld+json\" class=\"yoast-schema-graph\">{\"@context\":\"https:\/\/schema.org\",\"@graph\":[{\"@type\":\"WebPage\",\"@id\":\"https:\/\/stage24.pl\/flow\/kontakt\/\",\"url\":\"https:\/\/stage24.pl\/flow\/kontakt\/\",\"name\":\"Kontakt - Stage24 FLOW\",\"isPartOf\":{\"@id\":\"https:\/\/stage24.pl\/flow\/#website\"},\"datePublished\":\"2025-02-03T08:23:15+00:00\",\"dateModified\":\"2025-02-28T10:14:30+00:00\",\"breadcrumb\":{\"@id\":\"https:\/\/stage24.pl\/flow\/kontakt\/#breadcrumb\"},\"inLanguage\":\"pl-PL\",\"potentialAction\":[{\"@type\":\"ReadAction\",\"target\":[\"https:\/\/stage24.pl\/flow\/kontakt\/\"]}]},{\"@type\":\"BreadcrumbList\",\"@id\":\"https:\/\/stage24.pl\/flow\/kontakt\/#breadcrumb\",\"itemListElement\":[{\"@type\":\"ListItem\",\"position\":1,\"name\":\"Strona g\u0142\u00f3wna\",\"item\":\"https:\/\/stage24.pl\/flow\/\"},{\"@type\":\"ListItem\",\"position\":2,\"name\":\"Kontakt\"}]},{\"@type\":\"WebSite\",\"@id\":\"https:\/\/stage24.pl\/flow\/#website\",\"url\":\"https:\/\/stage24.pl\/flow\/\",\"name\":\"Stage24 FLOW\",\"description\":\"\",\"publisher\":{\"@id\":\"https:\/\/stage24.pl\/flow\/#organization\"},\"potentialAction\":[{\"@type\":\"SearchAction\",\"target\":{\"@type\":\"EntryPoint\",\"urlTemplate\":\"https:\/\/stage24.pl\/flow\/?s={search_term_string}\"},\"query-input\":{\"@type\":\"PropertyValueSpecification\",\"valueRequired\":true,\"valueName\":\"search_term_string\"}}],\"inLanguage\":\"pl-PL\"},{\"@type\":\"Organization\",\"@id\":\"https:\/\/stage24.pl\/flow\/#organization\",\"name\":\"Stage24 FLOW\",\"url\":\"https:\/\/stage24.pl\/flow\/\",\"logo\":{\"@type\":\"ImageObject\",\"inLanguage\":\"pl-PL\",\"@id\":\"https:\/\/stage24.pl\/flow\/#\/schema\/logo\/image\/\",\"url\":\"https:\/\/stage24.pl\/flow\/wp-content\/uploads\/2024\/11\/logo-stage24-flow.svg\",\"contentUrl\":\"https:\/\/stage24.pl\/flow\/wp-content\/uploads\/2024\/11\/logo-stage24-flow.svg\",\"width\":342,\"height\":44,\"caption\":\"Stage24 FLOW\"},\"image\":{\"@id\":\"https:\/\/stage24.pl\/flow\/#\/schema\/logo\/image\/\"},\"sameAs\":[\"https:\/\/www.facebook.com\/stage24pl\",\"https:\/\/www.instagram.com\/stage24.pl\/\"]}]}<\/script>\n<!-- \/ Yoast SEO plugin. -->","yoast_head_json":{"title":"Kontakt - Stage24 FLOW","robots":{"index":"index","follow":"follow","max-snippet":"max-snippet:-1","max-image-preview":"max-image-preview:large","max-video-preview":"max-video-preview:-1"},"canonical":"https:\/\/stage24.pl\/flow\/kontakt\/","og_locale":"pl_PL","og_type":"article","og_title":"Kontakt - Stage24 FLOW","og_description":"Kontakt do redakcji Stage24 Flow Masz pytania, sugestie, chcesz zg\u0142osi\u0107 temat do artyku\u0142u, zaprosi\u0107 nas na wydarzenie lub nawi\u0105za\u0107 wsp\u00f3\u0142prac\u0119? Email: flow@stage24.pl Napisz do nas \u2013 odpowiemy najszybciej, jak to mo\u017cliwe \ud83d\ude0a","og_url":"https:\/\/stage24.pl\/flow\/kontakt\/","og_site_name":"Stage24 FLOW","article_publisher":"https:\/\/www.facebook.com\/stage24pl","article_modified_time":"2025-02-28T10:14:30+00:00","twitter_card":"summary_large_image","schema":{"@context":"https:\/\/schema.org","@graph":[{"@type":"WebPage","@id":"https:\/\/stage24.pl\/flow\/kontakt\/","url":"https:\/\/stage24.pl\/flow\/kontakt\/","name":"Kontakt - Stage24 FLOW","isPartOf":{"@id":"https:\/\/stage24.pl\/flow\/#website"},"datePublished":"2025-02-03T08:23:15+00:00","dateModified":"2025-02-28T10:14:30+00:00","breadcrumb":{"@id":"https:\/\/stage24.pl\/flow\/kontakt\/#breadcrumb"},"inLanguage":"pl-PL","potentialAction":[{"@type":"ReadAction","target":["https:\/\/stage24.pl\/flow\/kontakt\/"]}]},{"@type":"BreadcrumbList","@id":"https:\/\/stage24.pl\/flow\/kontakt\/#breadcrumb","itemListElement":[{"@type":"ListItem","position":1,"name":"Strona g\u0142\u00f3wna","item":"https:\/\/stage24.pl\/flow\/"},{"@type":"ListItem","position":2,"name":"Kontakt"}]},{"@type":"WebSite","@id":"https:\/\/stage24.pl\/flow\/#website","url":"https:\/\/stage24.pl\/flow\/","name":"Stage24 FLOW","description":"","publisher":{"@id":"https:\/\/stage24.pl\/flow\/#organization"},"potentialAction":[{"@type":"SearchAction","target":{"@type":"EntryPoint","urlTemplate":"https:\/\/stage24.pl\/flow\/?s={search_term_string}"},"query-input":{"@type":"PropertyValueSpecification","valueRequired":true,"valueName":"search_term_string"}}],"inLanguage":"pl-PL"},{"@type":"Organization","@id":"https:\/\/stage24.pl\/flow\/#organization","name":"Stage24 FLOW","url":"https:\/\/stage24.pl\/flow\/","logo":{"@type":"ImageObject","inLanguage":"pl-PL","@id":"https:\/\/stage24.pl\/flow\/#\/schema\/logo\/image\/","url":"https:\/\/stage24.pl\/flow\/wp-content\/uploads\/2024\/11\/logo-stage24-flow.svg","contentUrl":"https:\/\/stage24.pl\/flow\/wp-content\/uploads\/2024\/11\/logo-stage24-flow.svg","width":342,"height":44,"caption":"Stage24 FLOW"},"image":{"@id":"https:\/\/stage24.pl\/flow\/#\/schema\/logo\/image\/"},"sameAs":["https:\/\/www.facebook.com\/stage24pl","https:\/\/www.instagram.com\/stage24.pl\/"]}]}},"_links":{"self":[{"href":"https:\/\/stage24.pl\/flow\/wp-json\/wp\/v2\/pages\/827","targetHints":{"allow":["GET"]}}],"collection":[{"href":"https:\/\/stage24.pl\/flow\/wp-json\/wp\/v2\/pages"}],"about":[{"href":"https:\/\/stage24.pl\/flow\/wp-json\/wp\/v2\/types\/page"}],"author":[{"embeddable":true,"href":"https:\/\/stage24.pl\/flow\/wp-json\/wp\/v2\/users\/1"}],"replies":[{"embeddable":true,"href":"https:\/\/stage24.pl\/flow\/wp-json\/wp\/v2\/comments?post=827"}],"version-history":[{"count":16,"href":"https:\/\/stage24.pl\/flow\/wp-json\/wp\/v2\/pages\/827\/revisions"}],"predecessor-version":[{"id":924,"href":"https:\/\/stage24.pl\/flow\/wp-json\/wp\/v2\/pages\/827\/revisions\/924"}],"wp:attachment":[{"href":"https:\/\/stage24.pl\/flow\/wp-json\/wp\/v2\/media?parent=827"}],"curies":[{"name":"wp","href":"https:\/\/api.w.org\/{rel}","templated":true}]}}